{"id":1408,"date":"2017-12-08T16:22:35","date_gmt":"2017-12-08T18:22:35","guid":{"rendered":"http:\/\/sitepadrao.com.br\/?page_id=1408"},"modified":"2023-09-21T15:54:47","modified_gmt":"2023-09-21T18:54:47","slug":"areas-de-atuacao","status":"publish","type":"page","link":"https:\/\/aprimoraweb.online\/carlosevandro\/areas-de-atuacao\/","title":{"rendered":"\u00c1reas de Atua\u00e7\u00e3o"},"content":{"rendered":"\t\t<div data-elementor-type=\"wp-post\" data-elementor-id=\"1408\" class=\"elementor elementor-1408\">\n\t\t\t\t\t\t\t\t\t<section class=\"elementor-section elementor-top-section elementor-element elementor-element-be739fc elementor-section-boxed elementor-section-height-default elementor-section-height-default\" data-id=\"be739fc\" data-element_type=\"section\" data-settings=\"{&quot;background_background&quot;:&quot;classic&quot;}\">\n\t\t\t\t\t\t<div class=\"elementor-container elementor-column-gap-default\">\n\t\t\t\t\t<div class=\"elementor-column elementor-col-100 elementor-top-column elementor-element elementor-element-514b01f\" data-id=\"514b01f\" data-element_type=\"column\">\n\t\t\t<div class=\"elementor-widget-wrap elementor-element-populated\">\n\t\t\t\t\t\t\t\t<section class=\"elementor-section elementor-inner-section elementor-element elementor-element-509b229 elementor-section-full_width elementor-section-height-default elementor-section-height-default\" data-id=\"509b229\" data-element_type=\"section\">\n\t\t\t\t\t\t<div class=\"elementor-container elementor-column-gap-default\">\n\t\t\t\t\t<div class=\"elementor-column elementor-col-33 elementor-inner-column elementor-element elementor-element-4306a96\" data-id=\"4306a96\" data-element_type=\"column\" data-settings=\"{&quot;background_background&quot;:&quot;classic&quot;}\">\n\t\t\t<div class=\"elementor-widget-wrap elementor-element-populated\">\n\t\t\t\t\t<div class=\"elementor-background-overlay\"><\/div>\n\t\t\t\t\t\t\t\t<div class=\"elementor-element elementor-element-4d6ab2b elementor-widget elementor-widget-image\" data-id=\"4d6ab2b\" data-element_type=\"widget\" data-widget_type=\"image.default\">\n\t\t\t\t<div class=\"elementor-widget-container\">\n\t\t\t<style>\/*! elementor - v3.16.0 - 20-09-2023 *\/\n.elementor-widget-image{text-align:center}.elementor-widget-image a{display:inline-block}.elementor-widget-image a img[src$=\".svg\"]{width:48px}.elementor-widget-image img{vertical-align:middle;display:inline-block}<\/style>\t\t\t\t\t\t\t\t\t\t\t\t<img decoding=\"async\" loading=\"lazy\" width=\"512\" height=\"512\" src=\"https:\/\/aprimoraweb.online\/carlosevandro\/wp-content\/uploads\/2023\/09\/id-card.png\" class=\"attachment-full size-full wp-image-1701\" alt=\"\" srcset=\"https:\/\/aprimoraweb.online\/carlosevandro\/wp-content\/uploads\/2023\/09\/id-card.png 512w, https:\/\/aprimoraweb.online\/carlosevandro\/wp-content\/uploads\/2023\/09\/id-card-300x300.png 300w, https:\/\/aprimoraweb.online\/carlosevandro\/wp-content\/uploads\/2023\/09\/id-card-150x150.png 150w\" sizes=\"(max-width: 512px) 100vw, 512px\" \/>\t\t\t\t\t\t\t\t\t\t\t\t\t\t\t<\/div>\n\t\t\t\t<\/div>\n\t\t\t\t<div class=\"elementor-element elementor-element-7c7d04e elementor-widget elementor-widget-heading\" data-id=\"7c7d04e\" data-element_type=\"widget\" data-widget_type=\"heading.default\">\n\t\t\t\t<div class=\"elementor-widget-container\">\n\t\t\t<style>\/*! elementor - v3.16.0 - 20-09-2023 *\/\n.elementor-heading-title{padding:0;margin:0;line-height:1}.elementor-widget-heading .elementor-heading-title[class*=elementor-size-]>a{color:inherit;font-size:inherit;line-height:inherit}.elementor-widget-heading .elementor-heading-title.elementor-size-small{font-size:15px}.elementor-widget-heading .elementor-heading-title.elementor-size-medium{font-size:19px}.elementor-widget-heading .elementor-heading-title.elementor-size-large{font-size:29px}.elementor-widget-heading .elementor-heading-title.elementor-size-xl{font-size:39px}.elementor-widget-heading .elementor-heading-title.elementor-size-xxl{font-size:59px}<\/style><h3 class=\"elementor-heading-title elementor-size-default\">Direito do Trabalho<\/h3>\t\t<\/div>\n\t\t\t\t<\/div>\n\t\t\t\t<div class=\"elementor-element elementor-element-fd64559 elementor-align-center elementor-widget elementor-widget-button\" data-id=\"fd64559\" data-element_type=\"widget\" data-widget_type=\"button.default\">\n\t\t\t\t<div class=\"elementor-widget-container\">\n\t\t\t\t\t<div class=\"elementor-button-wrapper\">\n\t\t\t<a class=\"elementor-button elementor-button-link elementor-size-sm\" href=\"http:\/\/aprimoraweb.online\/carlosevandro\/areas-de-atuacao\/direito-do-trabalho\">\n\t\t\t\t\t\t<span class=\"elementor-button-content-wrapper\">\n\t\t\t\t\t\t<span class=\"elementor-button-text\">VER MAIS<\/span>\n\t\t<\/span>\n\t\t\t\t\t<\/a>\n\t\t<\/div>\n\t\t\t\t<\/div>\n\t\t\t\t<\/div>\n\t\t\t\t\t<\/div>\n\t\t<\/div>\n\t\t\t\t<div class=\"elementor-column elementor-col-33 elementor-inner-column elementor-element elementor-element-7bfa8bf\" data-id=\"7bfa8bf\" data-element_type=\"column\" data-settings=\"{&quot;background_background&quot;:&quot;classic&quot;}\">\n\t\t\t<div class=\"elementor-widget-wrap elementor-element-populated\">\n\t\t\t\t\t<div class=\"elementor-background-overlay\"><\/div>\n\t\t\t\t\t\t\t\t<div class=\"elementor-element elementor-element-820d220 elementor-widget elementor-widget-image\" data-id=\"820d220\" data-element_type=\"widget\" data-widget_type=\"image.default\">\n\t\t\t\t<div class=\"elementor-widget-container\">\n\t\t\t\t\t\t\t\t\t\t\t\t\t\t\t<img decoding=\"async\" loading=\"lazy\" width=\"512\" height=\"512\" src=\"https:\/\/aprimoraweb.online\/carlosevandro\/wp-content\/uploads\/2023\/09\/elder.png\" class=\"attachment-full size-full wp-image-1702\" alt=\"\" srcset=\"https:\/\/aprimoraweb.online\/carlosevandro\/wp-content\/uploads\/2023\/09\/elder.png 512w, https:\/\/aprimoraweb.online\/carlosevandro\/wp-content\/uploads\/2023\/09\/elder-300x300.png 300w, https:\/\/aprimoraweb.online\/carlosevandro\/wp-content\/uploads\/2023\/09\/elder-150x150.png 150w\" sizes=\"(max-width: 512px) 100vw, 512px\" \/>\t\t\t\t\t\t\t\t\t\t\t\t\t\t\t<\/div>\n\t\t\t\t<\/div>\n\t\t\t\t<div class=\"elementor-element elementor-element-3c211d8 elementor-widget elementor-widget-heading\" data-id=\"3c211d8\" data-element_type=\"widget\" data-widget_type=\"heading.default\">\n\t\t\t\t<div class=\"elementor-widget-container\">\n\t\t\t<h3 class=\"elementor-heading-title elementor-size-default\">Direito Previdenci\u00e1rio<\/h3>\t\t<\/div>\n\t\t\t\t<\/div>\n\t\t\t\t<div class=\"elementor-element elementor-element-91da925 elementor-align-center elementor-widget elementor-widget-button\" data-id=\"91da925\" data-element_type=\"widget\" data-widget_type=\"button.default\">\n\t\t\t\t<div class=\"elementor-widget-container\">\n\t\t\t\t\t<div class=\"elementor-button-wrapper\">\n\t\t\t<a class=\"elementor-button elementor-button-link elementor-size-sm\" href=\"http:\/\/aprimoraweb.online\/carlosevandro\/areas-de-atuacao\/direito-previdenciario\">\n\t\t\t\t\t\t<span class=\"elementor-button-content-wrapper\">\n\t\t\t\t\t\t<span class=\"elementor-button-text\">VER MAIS<\/span>\n\t\t<\/span>\n\t\t\t\t\t<\/a>\n\t\t<\/div>\n\t\t\t\t<\/div>\n\t\t\t\t<\/div>\n\t\t\t\t\t<\/div>\n\t\t<\/div>\n\t\t\t\t<div class=\"elementor-column elementor-col-33 elementor-inner-column elementor-element elementor-element-819f725\" data-id=\"819f725\" data-element_type=\"column\" data-settings=\"{&quot;background_background&quot;:&quot;classic&quot;}\">\n\t\t\t<div class=\"elementor-widget-wrap elementor-element-populated\">\n\t\t\t\t\t<div class=\"elementor-background-overlay\"><\/div>\n\t\t\t\t\t\t\t\t<div class=\"elementor-element elementor-element-49595eb elementor-widget elementor-widget-image\" data-id=\"49595eb\" data-element_type=\"widget\" data-widget_type=\"image.default\">\n\t\t\t\t<div class=\"elementor-widget-container\">\n\t\t\t\t\t\t\t\t\t\t\t\t\t\t\t<img decoding=\"async\" loading=\"lazy\" width=\"512\" height=\"512\" src=\"https:\/\/aprimoraweb.online\/carlosevandro\/wp-content\/uploads\/2023\/09\/building.png\" class=\"attachment-full size-full wp-image-1703\" alt=\"\" srcset=\"https:\/\/aprimoraweb.online\/carlosevandro\/wp-content\/uploads\/2023\/09\/building.png 512w, https:\/\/aprimoraweb.online\/carlosevandro\/wp-content\/uploads\/2023\/09\/building-300x300.png 300w, https:\/\/aprimoraweb.online\/carlosevandro\/wp-content\/uploads\/2023\/09\/building-150x150.png 150w\" sizes=\"(max-width: 512px) 100vw, 512px\" \/>\t\t\t\t\t\t\t\t\t\t\t\t\t\t\t<\/div>\n\t\t\t\t<\/div>\n\t\t\t\t<div class=\"elementor-element elementor-element-ef2e584 elementor-widget elementor-widget-heading\" data-id=\"ef2e584\" data-element_type=\"widget\" data-widget_type=\"heading.default\">\n\t\t\t\t<div class=\"elementor-widget-container\">\n\t\t\t<h3 class=\"elementor-heading-title elementor-size-default\">Direito Empresarial<\/h3>\t\t<\/div>\n\t\t\t\t<\/div>\n\t\t\t\t<div class=\"elementor-element elementor-element-5ca4c7f elementor-align-center elementor-widget elementor-widget-button\" data-id=\"5ca4c7f\" data-element_type=\"widget\" data-widget_type=\"button.default\">\n\t\t\t\t<div class=\"elementor-widget-container\">\n\t\t\t\t\t<div class=\"elementor-button-wrapper\">\n\t\t\t<a class=\"elementor-button elementor-button-link elementor-size-sm\" href=\"http:\/\/aprimoraweb.online\/carlosevandro\/areas-de-atuacao\/direito-do-trabalho\">\n\t\t\t\t\t\t<span class=\"elementor-button-content-wrapper\">\n\t\t\t\t\t\t<span class=\"elementor-button-text\">VER MAIS<\/span>\n\t\t<\/span>\n\t\t\t\t\t<\/a>\n\t\t<\/div>\n\t\t\t\t<\/div>\n\t\t\t\t<\/div>\n\t\t\t\t\t<\/div>\n\t\t<\/div>\n\t\t\t\t\t\t\t<\/div>\n\t\t<\/section>\n\t\t\t\t\t<\/div>\n\t\t<\/div>\n\t\t\t\t\t\t\t<\/div>\n\t\t<\/section>\n\t\t\t\t\t\t\t<\/div>\n\t\t","protected":false},"excerpt":{"rendered":"<p>Direito do Trabalho VER MAIS Direito Previdenci\u00e1rio VER MAIS Direito Empresarial VER MAIS<\/p>\n","protected":false},"author":1,"featured_media":0,"parent":0,"menu_order":0,"comment_status":"closed","ping_status":"closed","template":"","meta":{"footnotes":""},"_links":{"self":[{"href":"https:\/\/aprimoraweb.online\/carlosevandro\/wp-json\/wp\/v2\/pages\/1408"}],"collection":[{"href":"https:\/\/aprimoraweb.online\/carlosevandro\/wp-json\/wp\/v2\/pages"}],"about":[{"href":"https:\/\/aprimoraweb.online\/carlosevandro\/wp-json\/wp\/v2\/types\/page"}],"author":[{"embeddable":true,"href":"https:\/\/aprimoraweb.online\/carlosevandro\/wp-json\/wp\/v2\/users\/1"}],"replies":[{"embeddable":true,"href":"https:\/\/aprimoraweb.online\/carlosevandro\/wp-json\/wp\/v2\/comments?post=1408"}],"version-history":[{"count":6,"href":"https:\/\/aprimoraweb.online\/carlosevandro\/wp-json\/wp\/v2\/pages\/1408\/revisions"}],"predecessor-version":[{"id":1755,"href":"https:\/\/aprimoraweb.online\/carlosevandro\/wp-json\/wp\/v2\/pages\/1408\/revisions\/1755"}],"wp:attachment":[{"href":"https:\/\/aprimoraweb.online\/carlosevandro\/wp-json\/wp\/v2\/media?parent=1408"}],"curies":[{"name":"wp","href":"https:\/\/api.w.org\/{rel}","templated":true}]}}